{"id":3,"date":"2019-11-18T22:52:06","date_gmt":"2019-11-18T21:52:06","guid":{"rendered":"http:\/\/www.loewenstein-marketing.de\/?page_id=3"},"modified":"2025-12-06T16:45:38","modified_gmt":"2025-12-06T15:45:38","slug":"datenschutzerklaerung","status":"publish","type":"page","link":"https:\/\/www.loewenstein-marketing.de\/index.php\/datenschutzerklaerung\/","title":{"rendered":"Datenschutzerkl\u00e4rung"},"content":{"rendered":"\t\t<div data-elementor-type=\"wp-page\" data-elementor-id=\"3\" class=\"elementor elementor-3\" data-elementor-post-type=\"page\">\n\t\t\t\t<div class=\"elementor-element elementor-element-4ecfb0e e-flex e-con-boxed e-con e-parent\" data-id=\"4ecfb0e\" data-element_type=\"container\" data-e-type=\"container\">\n\t\t\t\t\t<div class=\"e-con-inner\">\n\t\t\t\t<div class=\"elementor-element elementor-element-aa0caaa elementor-widget elementor-widget-heading\" data-id=\"aa0caaa\" data-element_type=\"widget\" data-e-type=\"widget\" data-widget_type=\"heading.default\">\n\t\t\t\t<div class=\"elementor-widget-container\">\n\t\t\t\t\t<h2 class=\"elementor-heading-title elementor-size-default\">Datenschutzerkl\u00e4rung<\/h2>\t\t\t\t<\/div>\n\t\t\t\t<\/div>\n\t\t\t\t<div class=\"elementor-element elementor-element-89d04d4 elementor-widget elementor-widget-text-editor\" data-id=\"89d04d4\" data-element_type=\"widget\" data-e-type=\"widget\" data-widget_type=\"text-editor.default\">\n\t\t\t\t<div class=\"elementor-widget-container\">\n\t\t\t\t\t\t\t\t\t<p>L\u00f6wenstein-Unternehmenskommunikation<\/p>\t\t\t\t\t\t\t\t<\/div>\n\t\t\t\t<\/div>\n\t\t\t\t\t<\/div>\n\t\t\t\t<\/div>\n\t\t<div class=\"elementor-element elementor-element-9cc0321 e-flex e-con-boxed e-con e-parent\" data-id=\"9cc0321\" data-element_type=\"container\" data-e-type=\"container\">\n\t\t\t\t\t<div class=\"e-con-inner\">\n\t\t\t\t<div class=\"elementor-element elementor-element-da41a78 elementor-widget elementor-widget-heading\" data-id=\"da41a78\" data-element_type=\"widget\" data-e-type=\"widget\" data-widget_type=\"heading.default\">\n\t\t\t\t<div class=\"elementor-widget-container\">\n\t\t\t\t\t<h2 class=\"elementor-heading-title elementor-size-default\">1. Verantwortlicher<\/h2>\t\t\t\t<\/div>\n\t\t\t\t<\/div>\n\t\t\t\t<div class=\"elementor-element elementor-element-ed16c1b elementor-widget elementor-widget-text-editor\" data-id=\"ed16c1b\" data-element_type=\"widget\" data-e-type=\"widget\" data-widget_type=\"text-editor.default\">\n\t\t\t\t<div class=\"elementor-widget-container\">\n\t\t\t\t\t\t\t\t\t<p>L\u00f6wenstein-Unternehmenskommunikation<br \/>Inhaber: Stefan Lallecke<br \/>Wielandstra\u00dfe 14<br \/>06114 Halle (Saale)<br \/>Deutschland<br \/><br \/><\/p>\n<p data-start=\"792\" data-end=\"838\">E-Mail: post@loewenstein-marketing.de<br data-start=\"816\" data-end=\"819\" \/>Telefon: +49.177.25 77 120]<\/p>\n<p data-start=\"840\" data-end=\"909\">Der Verantwortliche ist Ansprechpartner f\u00fcr alle Datenschutzanfragen.<\/p>\t\t\t\t\t\t\t\t<\/div>\n\t\t\t\t<\/div>\n\t\t\t\t\t<\/div>\n\t\t\t\t<\/div>\n\t\t<div class=\"elementor-element elementor-element-ec7020c e-flex e-con-boxed e-con e-parent\" data-id=\"ec7020c\" data-element_type=\"container\" data-e-type=\"container\">\n\t\t\t\t\t<div class=\"e-con-inner\">\n\t\t\t\t<div class=\"elementor-element elementor-element-f2d630c elementor-widget elementor-widget-heading\" data-id=\"f2d630c\" data-element_type=\"widget\" data-e-type=\"widget\" data-widget_type=\"heading.default\">\n\t\t\t\t<div class=\"elementor-widget-container\">\n\t\t\t\t\t<h2 class=\"elementor-heading-title elementor-size-default\">2. Erhebung und Speicherung personenbezogener Daten sowie Art und Zweck von deren Verwendung<\/h2>\t\t\t\t<\/div>\n\t\t\t\t<\/div>\n\t\t\t\t<div class=\"elementor-element elementor-element-e5f9b1f elementor-widget elementor-widget-text-editor\" data-id=\"e5f9b1f\" data-element_type=\"widget\" data-e-type=\"widget\" data-widget_type=\"text-editor.default\">\n\t\t\t\t<div class=\"elementor-widget-container\">\n\t\t\t\t\t\t\t\t\t<p>a) Beim Besuch der Website<br \/><br \/><\/p>\n<p data-start=\"1005\" data-end=\"1067\">Beim Aufrufen dieser Website werden automatisch Daten erfasst:<\/p>\n<ul data-start=\"1069\" data-end=\"1221\">\n<li data-start=\"1069\" data-end=\"1083\">\n<p data-start=\"1071\" data-end=\"1083\">IP-Adresse<\/p>\n<\/li>\n<li data-start=\"1084\" data-end=\"1118\">\n<p data-start=\"1086\" data-end=\"1118\">Datum und Uhrzeit des Zugriffs<\/p>\n<\/li>\n<li data-start=\"1119\" data-end=\"1149\">\n<p data-start=\"1121\" data-end=\"1149\">Name der abgerufenen Datei<\/p>\n<\/li>\n<li data-start=\"1150\" data-end=\"1166\">\n<p data-start=\"1152\" data-end=\"1166\">Referrer-URL<\/p>\n<\/li>\n<li data-start=\"1167\" data-end=\"1189\">\n<p data-start=\"1169\" data-end=\"1189\">Browsertyp\/Version<\/p>\n<\/li>\n<li data-start=\"1190\" data-end=\"1208\">\n<p data-start=\"1192\" data-end=\"1208\">Betriebssystem<\/p>\n<\/li>\n<li data-start=\"1209\" data-end=\"1221\">\n<p data-start=\"1211\" data-end=\"1221\">Provider<br \/><br \/><\/p>\n<\/li>\n<\/ul>\n<p data-start=\"1223\" data-end=\"1295\">Diese Daten sind technisch erforderlich, um die Website bereitzustellen.<\/p>\n<p data-start=\"1297\" data-end=\"1403\"><strong data-start=\"1297\" data-end=\"1317\">Rechtsgrundlage:<\/strong> Art. 6 Abs. 1 lit. f DSGVO (berechtigtes Interesse an stabiler, sicherer Webpr\u00e4senz).<\/p>\n<p><br \/><br \/><\/p>\n<p>b) Kontaktaufnahme<br \/><br \/><\/p>\n<p data-start=\"1436\" data-end=\"1573\">Wenn Sie uns per E-Mail oder Kontaktformular kontaktieren, verarbeiten wir die angegebenen Daten (z. B. Name, E-Mail-Adresse, Nachricht).<\/p>\n<p data-start=\"1575\" data-end=\"1598\"><strong data-start=\"1575\" data-end=\"1596\">Rechtsgrundlagen:<\/strong><\/p>\n<ul data-start=\"1599\" data-end=\"1715\">\n<li data-start=\"1599\" data-end=\"1657\">\n<p data-start=\"1601\" data-end=\"1657\">Art. 6 Abs. 1 lit. b DSGVO (vorvertragliche Ma\u00dfnahmen)<\/p>\n<\/li>\n<li data-start=\"1658\" data-end=\"1715\">\n<p data-start=\"1660\" data-end=\"1715\">Art. 6 Abs. 1 lit. f DSGVO (Interesse an Kommunikation)<\/p>\n<\/li>\n<\/ul>\n<p>.<\/p>\t\t\t\t\t\t\t\t<\/div>\n\t\t\t\t<\/div>\n\t\t\t\t\t<\/div>\n\t\t\t\t<\/div>\n\t\t<div class=\"elementor-element elementor-element-ebd488d e-flex e-con-boxed e-con e-parent\" data-id=\"ebd488d\" data-element_type=\"container\" data-e-type=\"container\">\n\t\t\t\t\t<div class=\"e-con-inner\">\n\t\t\t\t<div class=\"elementor-element elementor-element-a9f2982 elementor-widget elementor-widget-heading\" data-id=\"a9f2982\" data-element_type=\"widget\" data-e-type=\"widget\" data-widget_type=\"heading.default\">\n\t\t\t\t<div class=\"elementor-widget-container\">\n\t\t\t\t\t<h2 class=\"elementor-heading-title elementor-size-default\">3. Hosting durch STRATO<\/h2>\t\t\t\t<\/div>\n\t\t\t\t<\/div>\n\t\t\t\t<div class=\"elementor-element elementor-element-4ca4cc1 elementor-widget elementor-widget-text-editor\" data-id=\"4ca4cc1\" data-element_type=\"widget\" data-e-type=\"widget\" data-widget_type=\"text-editor.default\">\n\t\t\t\t<div class=\"elementor-widget-container\">\n\t\t\t\t\t\t\t\t\t<p data-start=\"1752\" data-end=\"1780\">Unsere Website wird bei der:<br \/><br \/><\/p>\n<p data-start=\"1782\" data-end=\"1837\"><strong data-start=\"1782\" data-end=\"1795\">STRATO AG<\/strong><br data-start=\"1795\" data-end=\"1798\" \/>Otto-Ostrowski-Stra\u00dfe 7, 10249 Berlin<br \/><br \/><\/p>\n<p data-start=\"1839\" data-end=\"1931\">gehostet. STRATO speichert Logfiles (inkl. IP-Adressen) zur Systemstabilit\u00e4t und Sicherheit.<br \/><br \/><\/p>\n<p data-start=\"1933\" data-end=\"2062\"><strong data-start=\"1933\" data-end=\"1953\">Rechtsgrundlage:<\/strong> Art. 6 Abs. 1 lit. f DSGVO.<br data-start=\"1981\" data-end=\"1984\" \/>Ein Auftragsverarbeitungsvertrag (AVV) gem. Art. 28 DSGVO wurde abgeschlossen.<\/p>\t\t\t\t\t\t\t\t<\/div>\n\t\t\t\t<\/div>\n\t\t\t\t\t<\/div>\n\t\t\t\t<\/div>\n\t\t<div class=\"elementor-element elementor-element-b87522d e-flex e-con-boxed e-con e-parent\" data-id=\"b87522d\" data-element_type=\"container\" data-e-type=\"container\">\n\t\t\t\t\t<div class=\"e-con-inner\">\n\t\t\t\t<div class=\"elementor-element elementor-element-22eec96 elementor-widget elementor-widget-heading\" data-id=\"22eec96\" data-element_type=\"widget\" data-e-type=\"widget\" data-widget_type=\"heading.default\">\n\t\t\t\t<div class=\"elementor-widget-container\">\n\t\t\t\t\t<h2 class=\"elementor-heading-title elementor-size-default\">4. Cookies &amp; Cookie-Richtlinie (EU)<\/h2>\t\t\t\t<\/div>\n\t\t\t\t<\/div>\n\t\t\t\t<div class=\"elementor-element elementor-element-be0d864 elementor-widget elementor-widget-text-editor\" data-id=\"be0d864\" data-element_type=\"widget\" data-e-type=\"widget\" data-widget_type=\"text-editor.default\">\n\t\t\t\t<div class=\"elementor-widget-container\">\n\t\t\t\t\t\t\t\t\t<p data-start=\"2110\" data-end=\"2162\">Unsere Website setzt Cookies ein. Man unterscheidet:<br \/><br \/><\/p>\n<h6 data-start=\"2164\" data-end=\"2202\">a) Technisch notwendige Cookies<\/h6>\n<p data-start=\"2203\" data-end=\"2279\">Diese sind f\u00fcr den Betrieb der Website erforderlich (z. B. Session-Cookies).<\/p>\n<p data-start=\"2281\" data-end=\"2329\"><strong data-start=\"2281\" data-end=\"2301\">Rechtsgrundlage:<\/strong> Art. 6 Abs. 1 lit. f DSGVO.<br \/><br \/><\/p>\n<h6 data-start=\"2331\" data-end=\"2392\">b) Nicht notwendige Cookies (z. B. Analyse, Marketing)<\/h6>\n<p data-start=\"2393\" data-end=\"2464\">Diese werden <strong data-start=\"2406\" data-end=\"2432\">erst nach Einwilligung<\/strong> \u00fcber das Cookie-Banner gesetzt.<\/p>\n<p data-start=\"2466\" data-end=\"2529\"><strong data-start=\"2466\" data-end=\"2486\">Rechtsgrundlage:<\/strong> Art. 6 Abs. 1 lit. a DSGVO (Einwilligung).<\/p>\n<p data-start=\"2531\" data-end=\"2636\">Die Einwilligung kann jederzeit \u00fcber das Cookie-Banner oder den Browser widerrufen oder angepasst werden.<\/p>\t\t\t\t\t\t\t\t<\/div>\n\t\t\t\t<\/div>\n\t\t\t\t\t<\/div>\n\t\t\t\t<\/div>\n\t\t<div class=\"elementor-element elementor-element-277119a e-flex e-con-boxed e-con e-parent\" data-id=\"277119a\" data-element_type=\"container\" data-e-type=\"container\">\n\t\t\t\t\t<div class=\"e-con-inner\">\n\t\t\t\t<div class=\"elementor-element elementor-element-282ddc6 elementor-widget elementor-widget-heading\" data-id=\"282ddc6\" data-element_type=\"widget\" data-e-type=\"widget\" data-widget_type=\"heading.default\">\n\t\t\t\t<div class=\"elementor-widget-container\">\n\t\t\t\t\t<h2 class=\"elementor-heading-title elementor-size-default\">5.Verwendung von Google Analytics<\/h2>\t\t\t\t<\/div>\n\t\t\t\t<\/div>\n\t\t\t\t<div class=\"elementor-element elementor-element-b3d9b97 elementor-widget elementor-widget-text-editor\" data-id=\"b3d9b97\" data-element_type=\"widget\" data-e-type=\"widget\" data-widget_type=\"text-editor.default\">\n\t\t\t\t<div class=\"elementor-widget-container\">\n\t\t\t\t\t\t\t\t\t<p data-start=\"2685\" data-end=\"2738\">Wir verwenden <strong data-start=\"2699\" data-end=\"2719\">Google Analytics<\/strong>, einen Dienst von:<\/p>\n<p data-start=\"2740\" data-end=\"2810\">Google Ireland Limited<br data-start=\"2762\" data-end=\"2765\" \/>Gordon House, Barrow Street, Dublin 4, Irland<br \/><br \/><\/p>\n<h5 data-start=\"2812\" data-end=\"2837\"><strong data-start=\"2816\" data-end=\"2837\">(1) Art der Daten<\/strong><\/h5>\n<p data-start=\"2838\" data-end=\"2859\">Erfasst werden u. a.:<\/p>\n<ul data-start=\"2861\" data-end=\"3002\">\n<li data-start=\"2861\" data-end=\"2898\">\n<p data-start=\"2863\" data-end=\"2898\">IP-Adresse (gek\u00fcrzt\/anonymisiert)<\/p>\n<\/li>\n<li data-start=\"2899\" data-end=\"2924\">\n<p data-start=\"2901\" data-end=\"2924\">Browser-Informationen<\/p>\n<\/li>\n<li data-start=\"2925\" data-end=\"2948\">\n<p data-start=\"2927\" data-end=\"2948\">Ger\u00e4teinformationen<\/p>\n<\/li>\n<li data-start=\"2949\" data-end=\"2982\">\n<p data-start=\"2951\" data-end=\"2982\">besuchte Seiten, Verweildauer<\/p>\n<\/li>\n<li data-start=\"2983\" data-end=\"3002\">\n<p data-start=\"2985\" data-end=\"3002\">Herkunftsquelle<br \/><br \/><\/p>\n<\/li>\n<\/ul>\n<h6 data-start=\"3004\" data-end=\"3038\"><strong data-start=\"3008\" data-end=\"3038\">(2) Zweck der Verarbeitung<\/strong><\/h6>\n<p data-start=\"3039\" data-end=\"3096\">Analyse des Nutzerverhaltens zur Optimierung der Website.<br \/><br \/><\/p>\n<h6 data-start=\"3098\" data-end=\"3125\"><strong data-start=\"3102\" data-end=\"3125\">(3) Rechtsgrundlage<\/strong><\/h6>\n<p data-start=\"3126\" data-end=\"3237\">Google Analytics wird <strong data-start=\"3148\" data-end=\"3174\">erst nach Einwilligung<\/strong> \u00fcber das Cookie-Banner aktiviert (Art. 6 Abs. 1 lit. a DSGVO).<br \/><br \/><\/p>\n<h6 data-start=\"3239\" data-end=\"3268\"><strong data-start=\"3243\" data-end=\"3268\">(4) IP-Anonymisierung<\/strong><\/h6>\n<p data-start=\"3269\" data-end=\"3353\">Wir verwenden Google Analytics ausschlie\u00dflich mit <strong data-start=\"3319\" data-end=\"3352\">aktivierter IP-Anonymisierung<\/strong>.<\/p>\n<h6 data-start=\"3355\" data-end=\"3390\"><strong data-start=\"3359\" data-end=\"3390\">(5) \u00dcbermittlung in die USA<\/strong><\/h6>\n<p data-start=\"3391\" data-end=\"3532\">Daten k\u00f6nnen in die USA \u00fcbermittelt werden.<br data-start=\"3434\" data-end=\"3437\" \/>F\u00fcr die \u00dcbermittlung verwendet Google die <strong data-start=\"3479\" data-end=\"3513\">Standardvertragsklauseln (SCC)<\/strong> der EU-Kommission.<\/p>\n<blockquote data-start=\"3534\" data-end=\"3682\">\n<p data-start=\"3536\" data-end=\"3682\">Hinweis: In den USA besteht ggf. kein mit der EU vergleichbares Datenschutzniveau. Ein Zugriff durch US-Beh\u00f6rden kann nicht ausgeschlossen werden.<br \/><br \/><\/p>\n<\/blockquote>\n<h6 data-start=\"3684\" data-end=\"3716\"><strong data-start=\"3688\" data-end=\"3716\">(6) Auftragsverarbeitung<\/strong><\/h6>\n<p data-start=\"3717\" data-end=\"3804\">Mit Google wurde ein <strong data-start=\"3738\" data-end=\"3770\">Auftragsverarbeitungsvertrag<\/strong> gem. Art. 28 DSGVO abgeschlossen.<br \/><br \/><\/p>\n<h6 data-start=\"3806\" data-end=\"3831\"><strong data-start=\"3810\" data-end=\"3831\">(7) Speicherdauer<\/strong><\/h6>\n<p data-start=\"3832\" data-end=\"3909\">Standardm\u00e4\u00dfig 2\u201314 Monate, abh\u00e4ngig von Ihrer Einstellung im Analytics-Konto.<br \/><br \/><\/p>\n<h6 data-start=\"3911\" data-end=\"3958\"><strong data-start=\"3915\" data-end=\"3958\">(8) Widerruf der Einwilligung \/ Opt-out<\/strong><\/h6>\n<p data-start=\"3959\" data-end=\"4009\">Sie k\u00f6nnen Ihre Einwilligung jederzeit widerrufen:<\/p>\n<ul data-start=\"4011\" data-end=\"4136\">\n<li data-start=\"4011\" data-end=\"4068\">\n<p data-start=\"4013\" data-end=\"4068\">\u00fcber das Cookie-Banner (\u201eEinstellungen \u00e4ndern\u201c), oder<\/p>\n<\/li>\n<li data-start=\"4069\" data-end=\"4136\">\n<p data-start=\"4071\" data-end=\"4136\">per Browser-Add-on:<br data-start=\"4090\" data-end=\"4093\" \/><a class=\"decorated-link\" href=\"https:\/\/tools.google.com\/dlpage\/gaoptout\/\" target=\"_new\" rel=\"noopener\" data-start=\"4095\" data-end=\"4136\">https:\/\/tools.google.com\/dlpage\/gaoptout\/<\/a><\/p>\n<\/li>\n<\/ul>\t\t\t\t\t\t\t\t<\/div>\n\t\t\t\t<\/div>\n\t\t\t\t\t<\/div>\n\t\t\t\t<\/div>\n\t\t<div class=\"elementor-element elementor-element-2775397 e-flex e-con-boxed e-con e-parent\" data-id=\"2775397\" data-element_type=\"container\" data-e-type=\"container\">\n\t\t\t\t\t<div class=\"e-con-inner\">\n\t\t\t\t<div class=\"elementor-element elementor-element-c43e5c0 elementor-widget elementor-widget-heading\" data-id=\"c43e5c0\" data-element_type=\"widget\" data-e-type=\"widget\" data-widget_type=\"heading.default\">\n\t\t\t\t<div class=\"elementor-widget-container\">\n\t\t\t\t\t<h2 class=\"elementor-heading-title elementor-size-default\">6. Social-Media-Links (Facebook, LinkedIn, YouTube)<\/h2>\t\t\t\t<\/div>\n\t\t\t\t<\/div>\n\t\t\t\t<div class=\"elementor-element elementor-element-ca9da85 elementor-widget elementor-widget-text-editor\" data-id=\"ca9da85\" data-element_type=\"widget\" data-e-type=\"widget\" data-widget_type=\"text-editor.default\">\n\t\t\t\t<div class=\"elementor-widget-container\">\n\t\t\t\t\t\t\t\t\t<p data-start=\"4202\" data-end=\"4340\">Wir verlinken auf externe Social-Media-Plattformen.<br data-start=\"4253\" data-end=\"4256\" \/>Erst beim <strong data-start=\"4266\" data-end=\"4288\">Klick auf den Link<\/strong> werden Daten an den jeweiligen Anbieter \u00fcbertragen.<br \/><br \/><\/p>\n<p data-start=\"4342\" data-end=\"4351\">Anbieter:<br \/><br \/><\/p>\n<ul data-start=\"4353\" data-end=\"4481\">\n<li data-start=\"4353\" data-end=\"4399\">\n<p data-start=\"4355\" data-end=\"4399\"><strong data-start=\"4355\" data-end=\"4397\">Facebook \/ Meta Platforms Ireland Ltd.<\/strong><\/p>\n<\/li>\n<li data-start=\"4400\" data-end=\"4442\">\n<p data-start=\"4402\" data-end=\"4442\"><strong data-start=\"4402\" data-end=\"4440\">LinkedIn Ireland Unlimited Company<\/strong><\/p>\n<\/li>\n<li data-start=\"4443\" data-end=\"4481\">\n<p data-start=\"4445\" data-end=\"4481\"><strong data-start=\"4445\" data-end=\"4481\">YouTube \/ Google Ireland Limited<br \/><br \/><\/strong><\/p>\n<\/li>\n<\/ul>\n<p data-start=\"4483\" data-end=\"4577\"><strong data-start=\"4483\" data-end=\"4503\">Rechtsgrundlage:<\/strong> Art. 6 Abs. 1 lit. f DSGVO (Interesse an \u00d6ffentlichkeit &amp; Kommunikation).<\/p>\t\t\t\t\t\t\t\t<\/div>\n\t\t\t\t<\/div>\n\t\t\t\t\t<\/div>\n\t\t\t\t<\/div>\n\t\t<div class=\"elementor-element elementor-element-cde61d1 e-flex e-con-boxed e-con e-parent\" data-id=\"cde61d1\" data-element_type=\"container\" data-e-type=\"container\">\n\t\t\t\t\t<div class=\"e-con-inner\">\n\t\t\t\t<div class=\"elementor-element elementor-element-f002182 elementor-widget elementor-widget-heading\" data-id=\"f002182\" data-element_type=\"widget\" data-e-type=\"widget\" data-widget_type=\"heading.default\">\n\t\t\t\t<div class=\"elementor-widget-container\">\n\t\t\t\t\t<h2 class=\"elementor-heading-title elementor-size-default\">7. Weitergabe personenbezogener Daten<\/h2>\t\t\t\t<\/div>\n\t\t\t\t<\/div>\n\t\t\t\t<div class=\"elementor-element elementor-element-0fd6a46 elementor-widget elementor-widget-text-editor\" data-id=\"0fd6a46\" data-element_type=\"widget\" data-e-type=\"widget\" data-widget_type=\"text-editor.default\">\n\t\t\t\t<div class=\"elementor-widget-container\">\n\t\t\t\t\t\t\t\t\t<p data-start=\"4629\" data-end=\"4657\">Eine Weitergabe erfolgt nur:<br \/><br \/><\/p>\n<ul data-start=\"4659\" data-end=\"4917\">\n<li data-start=\"4659\" data-end=\"4723\">\n<p data-start=\"4661\" data-end=\"4723\">mit ausdr\u00fccklicher Einwilligung (Art. 6 Abs. 1 lit. a DSGVO)<\/p>\n<\/li>\n<li data-start=\"4724\" data-end=\"4778\">\n<p data-start=\"4726\" data-end=\"4778\">zur Vertragserf\u00fcllung (Art. 6 Abs. 1 lit. b DSGVO)<\/p>\n<\/li>\n<li data-start=\"4779\" data-end=\"4842\">\n<p data-start=\"4781\" data-end=\"4842\">bei gesetzlicher Verpflichtung (Art. 6 Abs. 1 lit. c DSGVO)<\/p>\n<\/li>\n<li data-start=\"4843\" data-end=\"4917\">\n<p data-start=\"4845\" data-end=\"4917\">auf Grundlage eines berechtigten Interesses (Art. 6 Abs. 1 lit. f DSGVO)<\/p>\n<\/li>\n<\/ul>\t\t\t\t\t\t\t\t<\/div>\n\t\t\t\t<\/div>\n\t\t\t\t\t<\/div>\n\t\t\t\t<\/div>\n\t\t<div class=\"elementor-element elementor-element-6f5dc11 e-flex e-con-boxed e-con e-parent\" data-id=\"6f5dc11\" data-element_type=\"container\" data-e-type=\"container\">\n\t\t\t\t\t<div class=\"e-con-inner\">\n\t\t\t\t<div class=\"elementor-element elementor-element-aa9dc4e elementor-widget elementor-widget-heading\" data-id=\"aa9dc4e\" data-element_type=\"widget\" data-e-type=\"widget\" data-widget_type=\"heading.default\">\n\t\t\t\t<div class=\"elementor-widget-container\">\n\t\t\t\t\t<h2 class=\"elementor-heading-title elementor-size-default\">8. Speicherdauer<\/h2>\t\t\t\t<\/div>\n\t\t\t\t<\/div>\n\t\t\t\t<div class=\"elementor-element elementor-element-a445ccc elementor-widget elementor-widget-text-editor\" data-id=\"a445ccc\" data-element_type=\"widget\" data-e-type=\"widget\" data-widget_type=\"text-editor.default\">\n\t\t\t\t<div class=\"elementor-widget-container\">\n\t\t\t\t\t\t\t\t\t<p>Personenbezogene Daten werden nur so lange gespeichert, wie es f\u00fcr den jeweiligen Zweck erforderlich ist oder gesetzliche Aufbewahrungsfristen bestehen.<\/p>\t\t\t\t\t\t\t\t<\/div>\n\t\t\t\t<\/div>\n\t\t\t\t\t<\/div>\n\t\t\t\t<\/div>\n\t\t<div class=\"elementor-element elementor-element-bfffe51 e-flex e-con-boxed e-con e-parent\" data-id=\"bfffe51\" data-element_type=\"container\" data-e-type=\"container\">\n\t\t\t\t\t<div class=\"e-con-inner\">\n\t\t\t\t<div class=\"elementor-element elementor-element-d7e5595 elementor-widget elementor-widget-heading\" data-id=\"d7e5595\" data-element_type=\"widget\" data-e-type=\"widget\" data-widget_type=\"heading.default\">\n\t\t\t\t<div class=\"elementor-widget-container\">\n\t\t\t\t\t<h2 class=\"elementor-heading-title elementor-size-default\">9. Rechte der betroffenen Personen<\/h2>\t\t\t\t<\/div>\n\t\t\t\t<\/div>\n\t\t\t\t<div class=\"elementor-element elementor-element-99799de elementor-widget elementor-widget-text-editor\" data-id=\"99799de\" data-element_type=\"widget\" data-e-type=\"widget\" data-widget_type=\"text-editor.default\">\n\t\t\t\t<div class=\"elementor-widget-container\">\n\t\t\t\t\t\t\t\t\t<p data-start=\"5149\" data-end=\"5173\">Sie haben das Recht auf:<br \/><br \/><\/p>\n<ul data-start=\"5175\" data-end=\"5469\">\n<li data-start=\"5175\" data-end=\"5207\">\n<p data-start=\"5177\" data-end=\"5207\"><strong data-start=\"5177\" data-end=\"5189\">Auskunft<\/strong> (Art. 15 DSGVO)<\/p>\n<\/li>\n<li data-start=\"5208\" data-end=\"5244\">\n<p data-start=\"5210\" data-end=\"5244\"><strong data-start=\"5210\" data-end=\"5226\">Berichtigung<\/strong> (Art. 16 DSGVO)<\/p>\n<\/li>\n<li data-start=\"5245\" data-end=\"5277\">\n<p data-start=\"5247\" data-end=\"5277\"><strong data-start=\"5247\" data-end=\"5259\">L\u00f6schung<\/strong> (Art. 17 DSGVO)<\/p>\n<\/li>\n<li data-start=\"5278\" data-end=\"5332\">\n<p data-start=\"5280\" data-end=\"5332\"><strong data-start=\"5280\" data-end=\"5314\">Einschr\u00e4nkung der Verarbeitung<\/strong> (Art. 18 DSGVO)<\/p>\n<\/li>\n<li data-start=\"5333\" data-end=\"5368\">\n<p data-start=\"5335\" data-end=\"5368\"><strong data-start=\"5335\" data-end=\"5350\">Widerspruch<\/strong> (Art. 21 DSGVO)<\/p>\n<\/li>\n<li data-start=\"5369\" data-end=\"5413\">\n<p data-start=\"5371\" data-end=\"5413\"><strong data-start=\"5371\" data-end=\"5395\">Daten\u00fcbertragbarkeit<\/strong> (Art. 20 DSGVO)<\/p>\n<\/li>\n<li data-start=\"5414\" data-end=\"5469\">\n<p data-start=\"5416\" data-end=\"5469\"><strong data-start=\"5416\" data-end=\"5447\">Widerruf einer Einwilligung<\/strong> (Art. 7 Abs. 3 DSGVO)<br \/><br \/><\/p>\n<\/li>\n<\/ul>\n<p data-start=\"5471\" data-end=\"5530\">Beschwerden richten Sie an die zust\u00e4ndige Aufsichtsbeh\u00f6rde:<br \/><br \/><\/p>\n<p data-start=\"5532\" data-end=\"5622\"><strong data-start=\"5532\" data-end=\"5589\">Landesbeauftragter f\u00fcr den Datenschutz Sachsen-Anhalt<\/strong><br data-start=\"5589\" data-end=\"5592\" \/>Postfach 1947, 39009 Magdeburg<\/p>\t\t\t\t\t\t\t\t<\/div>\n\t\t\t\t<\/div>\n\t\t\t\t\t<\/div>\n\t\t\t\t<\/div>\n\t\t<div class=\"elementor-element elementor-element-10e1609 e-flex e-con-boxed e-con e-parent\" data-id=\"10e1609\" data-element_type=\"container\" data-e-type=\"container\">\n\t\t\t\t\t<div class=\"e-con-inner\">\n\t\t\t\t<div class=\"elementor-element elementor-element-f6632c3 elementor-widget elementor-widget-heading\" data-id=\"f6632c3\" data-element_type=\"widget\" data-e-type=\"widget\" data-widget_type=\"heading.default\">\n\t\t\t\t<div class=\"elementor-widget-container\">\n\t\t\t\t\t<h2 class=\"elementor-heading-title elementor-size-default\">10. Datensicherheit<\/h2>\t\t\t\t<\/div>\n\t\t\t\t<\/div>\n\t\t\t\t<div class=\"elementor-element elementor-element-6c48e11 elementor-widget elementor-widget-text-editor\" data-id=\"6c48e11\" data-element_type=\"widget\" data-e-type=\"widget\" data-widget_type=\"text-editor.default\">\n\t\t\t\t<div class=\"elementor-widget-container\">\n\t\t\t\t\t\t\t\t\t<p>Wir nutzen SSL-\/TLS-Verschl\u00fcsselung sowie technische und organisatorische Sicherheitsma\u00dfnahmen, um Ihre Daten vor Verlust, Manipulation oder unbefugtem Zugriff zu sch\u00fctzen.<\/p>\t\t\t\t\t\t\t\t<\/div>\n\t\t\t\t<\/div>\n\t\t\t\t\t<\/div>\n\t\t\t\t<\/div>\n\t\t<div class=\"elementor-element elementor-element-2c160d2 e-flex e-con-boxed e-con e-parent\" data-id=\"2c160d2\" data-element_type=\"container\" data-e-type=\"container\">\n\t\t\t\t\t<div class=\"e-con-inner\">\n\t\t\t\t<div class=\"elementor-element elementor-element-f61227a elementor-widget elementor-widget-heading\" data-id=\"f61227a\" data-element_type=\"widget\" data-e-type=\"widget\" data-widget_type=\"heading.default\">\n\t\t\t\t<div class=\"elementor-widget-container\">\n\t\t\t\t\t<h2 class=\"elementor-heading-title elementor-size-default\">11. Aktualit\u00e4t und \u00c4nderung dieser Datenschutzerkl\u00e4rung<\/h2>\t\t\t\t<\/div>\n\t\t\t\t<\/div>\n\t\t\t\t<div class=\"elementor-element elementor-element-693eabe elementor-widget elementor-widget-text-editor\" data-id=\"693eabe\" data-element_type=\"widget\" data-e-type=\"widget\" data-widget_type=\"text-editor.default\">\n\t\t\t\t<div class=\"elementor-widget-container\">\n\t\t\t\t\t\t\t\t\t<p>Diese Datenschutzerkl\u00e4rung ist aktuell g\u00fcltig und wird bei technischen oder rechtlichen \u00c4nderungen angepasst.<\/p>\t\t\t\t\t\t\t\t<\/div>\n\t\t\t\t<\/div>\n\t\t\t\t\t<\/div>\n\t\t\t\t<\/div>\n\t\t\t\t<\/div>\n\t\t","protected":false},"excerpt":{"rendered":"<p>Datenschutzerkl\u00e4rung L\u00f6wenstein-Unternehmenskommunikation 1. Verantwortlicher L\u00f6wenstein-UnternehmenskommunikationInhaber: Stefan LalleckeWielandstra\u00dfe 1406114 Halle (Saale)Deutschland E-Mail: post@loewenstein-marketing.deTelefon: +49.177.25 77 120] Der Verantwortliche ist Ansprechpartner f\u00fcr alle Datenschutzanfragen. 2. Erhebung und Speicherung personenbezogener Daten sowie Art und Zweck von deren Verwendung a) Beim Besuch der Website Beim Aufrufen dieser Website werden automatisch Daten erfasst: IP-Adresse Datum und Uhrzeit des Zugriffs Name [&hellip;]<\/p>\n","protected":false},"author":1,"featured_media":0,"parent":0,"menu_order":0,"comment_status":"closed","ping_status":"open","template":"","meta":{"footnotes":""},"class_list":["post-3","page","type-page","status-publish","hentry"],"_links":{"self":[{"href":"https:\/\/www.loewenstein-marketing.de\/index.php\/wp-json\/wp\/v2\/pages\/3","targetHints":{"allow":["GET"]}}],"collection":[{"href":"https:\/\/www.loewenstein-marketing.de\/index.php\/wp-json\/wp\/v2\/pages"}],"about":[{"href":"https:\/\/www.loewenstein-marketing.de\/index.php\/wp-json\/wp\/v2\/types\/page"}],"author":[{"embeddable":true,"href":"https:\/\/www.loewenstein-marketing.de\/index.php\/wp-json\/wp\/v2\/users\/1"}],"replies":[{"embeddable":true,"href":"https:\/\/www.loewenstein-marketing.de\/index.php\/wp-json\/wp\/v2\/comments?post=3"}],"version-history":[{"count":13,"href":"https:\/\/www.loewenstein-marketing.de\/index.php\/wp-json\/wp\/v2\/pages\/3\/revisions"}],"predecessor-version":[{"id":797,"href":"https:\/\/www.loewenstein-marketing.de\/index.php\/wp-json\/wp\/v2\/pages\/3\/revisions\/797"}],"wp:attachment":[{"href":"https:\/\/www.loewenstein-marketing.de\/index.php\/wp-json\/wp\/v2\/media?parent=3"}],"curies":[{"name":"wp","href":"https:\/\/api.w.org\/{rel}","templated":true}]}}