{"id":367,"date":"2024-02-29T23:16:52","date_gmt":"2024-02-29T22:16:52","guid":{"rendered":"https:\/\/www.loewenstein-marketing.de\/?page_id=367"},"modified":"2024-03-01T17:32:50","modified_gmt":"2024-03-01T16:32:50","slug":"ueber-uns","status":"publish","type":"page","link":"https:\/\/www.loewenstein-marketing.de\/index.php\/ueber-uns\/","title":{"rendered":"\u00dcber"},"content":{"rendered":"\n<hr class=\"wp-block-separator has-css-opacity is-style-default\"\/>\n\n\n\n<figure class=\"wp-block-image aligncenter size-large is-resized is-style-rounded\"><img decoding=\"async\" src=\"http:\/\/www.loewenstein-marketing.de\/wp-content\/uploads\/2024\/02\/Bewerbungsfoto-Stefan-Lallecke-2-1024x683.jpg\" alt=\"\" class=\"wp-image-420\" style=\"object-fit:cover;width:300px;height:300px\"\/><\/figure>\n\n\n\n<blockquote class=\"wp-block-quote has-text-align-center is-style-large is-layout-flow wp-block-quote-is-layout-flow\" style=\"font-size:12px\">\n<p><strong>Stefan-Clemens Lallecke<br><\/strong>Gr\u00fcnder und Inhaber<br>L\u00f6wenstein PR-, Marketing- &amp; Strategieberatung<\/p>\n\n\n\n<p class=\"has-text-align-left\">Spezialist f\u00fcr Unternehmenskommunikation, Marketing , PR, Strategie, Event<br>Erfinder \u201eFerienSpa\u00dfPass\u201c (der Saalesparkasse)<br>Vorstandsvorsitzender der City-Gemeinschaft Halle (Saale) e. V.<br>Diplom-Kommunikationswirt (FH) &amp; Master of Communication &amp; Advertising<br>20 Jahre Berufserfahrung<br>Kreative, zielstrebige und internetaffine Pers\u00f6nlichkeit mit Gesp\u00fcr f\u00fcr Strategie, Innovation und Netzwerken<\/p>\n<cite><strong><br><\/strong><br><\/cite><\/blockquote>\n\n\n\n<hr class=\"wp-block-separator has-css-opacity is-style-default\"\/>\n\n\n\n<h2 class=\"wp-block-heading\">Meine Motivation<\/h2>\n\n\n\n<p>Gern begegne ich neuen Herausforderungen. Das ist es, was f\u00fcr mich das Berufsfeld der Unternehmenskommunikation seit 20 Jahren ausmacht &#8211; stetige Bewegung durch neue Projekte, analytisch-strategisches Konzeptionieren gepaart mit\u00a0Liebe\u00a0zur Kreativit\u00e4t, Engagement in einem starken Netzwerk. Im Fokus dabei immer Qualit\u00e4t und Optimierung von Kommunikationsprozessen. Ich arbeite ich mich schnell und gewissenhaft in\u00a0neue Aufgabenfelder, Projekte und Tools ein und lerne dabei z\u00fcgig und erfolgsorientiert.<\/p>\n\n\n\n<p>Das karikative Projekt \u201cFerienSpa\u00dfPass\u201d in Halle und Cottbus wurde von mir erfunden. Hier sind zahlreiche bekannte hallenser Unternehmen miteinander vernetzt, um Freizeitaktivit\u00e4ten f\u00fcr Kinder und Erwachsene in den Sommerferien zu einem verg\u00fcnstigten Preis anzubieten und Spenden zu sammeln.<\/p>\n\n\n\n<p>Ich bin ehrenamtlich als Vorstandsvorsitzender der\u00a0City-Gemeinschaft Halle e. V., einem Verbund von \u00fcber 80 Unternehmen der halleschen Privatwirtschaft engagiert. Als Teamplayer spiele ich seit \u00fcber 35 Jahren mit gro\u00dfer Begeisterung Handball.<\/p>\n","protected":false},"excerpt":{"rendered":"<p>Stefan-Clemens LalleckeGr\u00fcnder und InhaberL\u00f6wenstein PR-, Marketing- &amp; Strategieberatung Spezialist f\u00fcr Unternehmenskommunikation, Marketing , PR, Strategie, EventErfinder \u201eFerienSpa\u00dfPass\u201c (der Saalesparkasse)Vorstandsvorsitzender der City-Gemeinschaft Halle (Saale) e. V.Diplom-Kommunikationswirt (FH) &amp; Master of Communication &amp; Advertising20 Jahre BerufserfahrungKreative, zielstrebige und internetaffine Pers\u00f6nlichkeit mit Gesp\u00fcr f\u00fcr Strategie, Innovation und Netzwerken Meine Motivation Gern begegne ich neuen Herausforderungen. Das ist es, [&hellip;]<\/p>\n","protected":false},"author":2,"featured_media":0,"parent":0,"menu_order":0,"comment_status":"closed","ping_status":"closed","template":"","meta":{"footnotes":""},"class_list":["post-367","page","type-page","status-publish","hentry"],"_links":{"self":[{"href":"https:\/\/www.loewenstein-marketing.de\/index.php\/wp-json\/wp\/v2\/pages\/367","targetHints":{"allow":["GET"]}}],"collection":[{"href":"https:\/\/www.loewenstein-marketing.de\/index.php\/wp-json\/wp\/v2\/pages"}],"about":[{"href":"https:\/\/www.loewenstein-marketing.de\/index.php\/wp-json\/wp\/v2\/types\/page"}],"author":[{"embeddable":true,"href":"https:\/\/www.loewenstein-marketing.de\/index.php\/wp-json\/wp\/v2\/users\/2"}],"replies":[{"embeddable":true,"href":"https:\/\/www.loewenstein-marketing.de\/index.php\/wp-json\/wp\/v2\/comments?post=367"}],"version-history":[{"count":7,"href":"https:\/\/www.loewenstein-marketing.de\/index.php\/wp-json\/wp\/v2\/pages\/367\/revisions"}],"predecessor-version":[{"id":437,"href":"https:\/\/www.loewenstein-marketing.de\/index.php\/wp-json\/wp\/v2\/pages\/367\/revisions\/437"}],"wp:attachment":[{"href":"https:\/\/www.loewenstein-marketing.de\/index.php\/wp-json\/wp\/v2\/media?parent=367"}],"curies":[{"name":"wp","href":"https:\/\/api.w.org\/{rel}","templated":true}]}}